{"id":26,"date":"2024-12-18T01:00:17","date_gmt":"2024-12-18T00:00:17","guid":{"rendered":"https:\/\/labirynt.com\/100lat\/?page_id=26"},"modified":"2025-01-30T11:35:43","modified_gmt":"2025-01-30T10:35:43","slug":"info","status":"publish","type":"page","link":"https:\/\/labirynt.com\/100lat\/info\/","title":{"rendered":"info"},"content":{"rendered":"<h3>100 lat w Labiryncie<\/h3>\n<p>Gdzie: Galeria Labirynt, ul. ks. J. Popie\u0142uszki 5, Lublin<br \/>\nWystawa czynna: 14.09.2024-16.02.2025 (wt.-niedz., godz. 12.00-19.00)<\/p>\n<p>Kurator: Waldemar Tatarczuk<\/p>\n<hr \/>\n<p>Wystawa \u201e100 lat w Labiryncie\u201d sk\u0142ada si\u0119 z kilku cz\u0119\u015bci, kt\u00f3re wchodz\u0105 ze sob\u0105 w dialog i jednocze\u015bnie tworz\u0105 odr\u0119bne \u015bwiaty. Pierwotnie by\u0142y to: pierwsze 50; pomi\u0119dzy; drugie 50. Mowa jest zatem o Galerii Labirynt w latach 1974-2074. Po zamkni\u0119ciu cz\u0119\u015bci historycznej, kt\u00f3ra gromadzi\u0142a prace artyst\u00f3w i artystek zwi\u0105zanych z Labiryntem w ci\u0105gu ostatniego p\u00f3\u0142wiecza, g\u0142\u00f3wn\u0105 rol\u0119 odgrywa na wystawie tera\u017aniejszo\u015b\u0107 i przysz\u0142o\u015b\u0107. W ten spos\u00f3b, poprzez kolejne rozdzia\u0142y, zamiast pozostawa\u0107 niezmiennym obiektem czy zatrzymanym w czasie kadrem, wystawa staje si\u0119 opowie\u015bci\u0105, otwart\u0105 przestrzeni\u0105. Nie chcemy bowiem wy\u0142\u0105cznie celebrowa\u0107 przesz\u0142o\u015bci \u2013 by\u0142oby to zaprzeczeniem idei Galerii Labirynt. R\u00f3wnie wa\u017cnym celem tej wystawy jest pr\u00f3ba odpowiedzi na pytanie \u2013 co dalej, jakie ma by\u0107 kolejne 50 lat?<\/p>\n<p><a href=\"https:\/\/labirynt.com\/2024\/08\/26\/100-lat-w-labiryncie\/\">Koncepcja wystawy<\/a><\/p>\n<hr \/>\n<p>Sfinansowane przez Uni\u0119 Europejsk\u0105 w ramach Krajowego Planu Odbudowy.<\/p>\n<p><img loading=\"lazy\" decoding=\"async\" class=\"alignnone size-full wp-image-13767\" src=\"https:\/\/labirynt.com\/wp-content\/uploads\/2024\/08\/logotypy-3.jpg.webp\" sizes=\"auto, (max-width: 872px) 100vw, 872px\" srcset=\"https:\/\/labirynt.com\/wp-content\/uploads\/2024\/08\/logotypy-3.jpg.webp 872w, https:\/\/labirynt.com\/wp-content\/uploads\/2024\/08\/logotypy-3-300x41.jpg.webp 300w, https:\/\/labirynt.com\/wp-content\/uploads\/2024\/08\/logotypy-3-768x106.jpg.webp 768w\" alt=\"Grafika z logotypami.\" width=\"872\" height=\"120\" \/><\/p>\n<p>&nbsp;<\/p>\n<p>Honorowy patronat Ministerstwa Kultury i Dziedzictwa Narodowego<\/p>\n<p><img loading=\"lazy\" decoding=\"async\" class=\"alignnone size-full wp-image-13780\" src=\"https:\/\/labirynt.com\/wp-content\/uploads\/2024\/08\/ministerstwo_patronat.png.webp\" sizes=\"auto, (max-width: 793px) 100vw, 793px\" srcset=\"https:\/\/labirynt.com\/wp-content\/uploads\/2024\/08\/ministerstwo_patronat.png.webp 793w, https:\/\/labirynt.com\/wp-content\/uploads\/2024\/08\/ministerstwo_patronat-300x56.png 300w, https:\/\/labirynt.com\/wp-content\/uploads\/2024\/08\/ministerstwo_patronat-768x144.png 768w\" alt=\"Grafika z logotypem MKiDN.\" width=\"793\" height=\"149\" \/><\/p>\n<hr \/>\n<p>Wystawa w ramach projektu \u201eGaleria Labirynt \u2013 od galerii obraz\u00f3w do galerii dla ludzi\u201d.<\/p>\n<p>Dofinansowano ze \u015brodk\u00f3w Ministra Kultury i Dziedzictwa Narodowego w ramach programu Narodowego Centrum Kultury: Kultura-Interwencje. Edycja 2024<\/p>\n<p><img loading=\"lazy\" decoding=\"async\" class=\"alignnone size-full wp-image-13759\" src=\"https:\/\/labirynt.com\/wp-content\/uploads\/2024\/08\/logotypy-4.jpg.webp\" sizes=\"auto, (max-width: 872px) 100vw, 872px\" srcset=\"https:\/\/labirynt.com\/wp-content\/uploads\/2024\/08\/logotypy-4.jpg.webp 872w, https:\/\/labirynt.com\/wp-content\/uploads\/2024\/08\/logotypy-4-300x74.jpg.webp 300w, https:\/\/labirynt.com\/wp-content\/uploads\/2024\/08\/logotypy-4-768x188.jpg.webp 768w\" alt=\"logotypy\" width=\"872\" height=\"214\" \/><\/p>\n<hr \/>\n<p><img loading=\"lazy\" decoding=\"async\" class=\"alignleft wp-image-14107 size-full\" src=\"https:\/\/labirynt.com\/wp-content\/uploads\/2024\/08\/plakat.jpg.webp\" sizes=\"auto, (max-width: 1200px) 100vw, 1200px\" srcset=\"https:\/\/labirynt.com\/wp-content\/uploads\/2024\/08\/plakat.jpg.webp 1200w, https:\/\/labirynt.com\/wp-content\/uploads\/2024\/08\/plakat-212x300.jpg.webp 212w, https:\/\/labirynt.com\/wp-content\/uploads\/2024\/08\/plakat-724x1024.jpg.webp 724w, https:\/\/labirynt.com\/wp-content\/uploads\/2024\/08\/plakat-768x1086.jpg.webp 768w, https:\/\/labirynt.com\/wp-content\/uploads\/2024\/08\/plakat-1086x1536.jpg.webp 1086w\" alt=\"Plakat z informacj\u0105 o dotacji.\" width=\"1200\" height=\"1697\" \/><\/p>\n","protected":false},"excerpt":{"rendered":"<p>100 lat w Labiryncie Gdzie: Galeria Labirynt, ul. ks. J. Popie\u0142uszki 5, Lublin Wystawa czynna: 14.09.2024-16.02.2025 (wt.-niedz., godz. 12.00-19.00) Kurator: Waldemar Tatarczuk Wystawa \u201e100 lat w Labiryncie\u201d sk\u0142ada si\u0119 z kilku cz\u0119\u015bci, kt\u00f3re wchodz\u0105 ze sob\u0105 w dialog i jednocze\u015bnie tworz\u0105 odr\u0119bne \u015bwiaty. Pierwotnie by\u0142y to: pierwsze 50; pomi\u0119dzy; drugie 50. Mowa jest zatem o [&hellip;]<\/p>\n","protected":false},"author":1,"featured_media":0,"parent":0,"menu_order":5,"comment_status":"closed","ping_status":"closed","template":"","meta":{"inline_featured_image":false,"footnotes":""},"class_list":["post-26","page","type-page","status-publish","hentry"],"_links":{"self":[{"href":"https:\/\/labirynt.com\/100lat\/wp-json\/wp\/v2\/pages\/26","targetHints":{"allow":["GET"]}}],"collection":[{"href":"https:\/\/labirynt.com\/100lat\/wp-json\/wp\/v2\/pages"}],"about":[{"href":"https:\/\/labirynt.com\/100lat\/wp-json\/wp\/v2\/types\/page"}],"author":[{"embeddable":true,"href":"https:\/\/labirynt.com\/100lat\/wp-json\/wp\/v2\/users\/1"}],"replies":[{"embeddable":true,"href":"https:\/\/labirynt.com\/100lat\/wp-json\/wp\/v2\/comments?post=26"}],"version-history":[{"count":5,"href":"https:\/\/labirynt.com\/100lat\/wp-json\/wp\/v2\/pages\/26\/revisions"}],"predecessor-version":[{"id":686,"href":"https:\/\/labirynt.com\/100lat\/wp-json\/wp\/v2\/pages\/26\/revisions\/686"}],"wp:attachment":[{"href":"https:\/\/labirynt.com\/100lat\/wp-json\/wp\/v2\/media?parent=26"}],"curies":[{"name":"wp","href":"https:\/\/api.w.org\/{rel}","templated":true}]}}